{"id":260,"date":"2021-06-24T17:57:39","date_gmt":"2021-06-24T17:57:39","guid":{"rendered":"https:\/\/fannyhensel.de\/?page_id=260"},"modified":"2022-02-28T14:46:45","modified_gmt":"2022-02-28T14:46:45","slug":"klavier-4haendig","status":"publish","type":"page","link":"https:\/\/fannyhensel.de\/?page_id=260","title":{"rendered":"Klavier &#8211; 4h\u00e4ndig"},"content":{"rendered":"<style type='text\/css' media='all'>#rt-tpg-container-1653521631 .rt-holder .rt-woo-info .price{color:#006347;}body .rt-tpg-container .rt-tpg-isotope-buttons .selected,\n\t\t\t\t\t#rt-tpg-container-1653521631 .layout12 .rt-holder:hover .rt-detail,\n\t\t\t\t\t#rt-tpg-container-1653521631 .isotope8 .rt-holder:hover .rt-detail,\n\t\t\t\t\t#rt-tpg-container-1653521631 .carousel8 .rt-holder:hover .rt-detail,\n\t\t\t\t\t#rt-tpg-container-1653521631 .layout13 .rt-holder .overlay .post-info,\n\t\t\t\t\t#rt-tpg-container-1653521631 .isotope9 .rt-holder .overlay .post-info,\n\t\t\t\t\t#rt-tpg-container-1653521631.rt-tpg-container .layout4 .rt-holder .rt-detail,\n\t\t\t\t\t.rt-modal-1653521631 .md-content,\n\t\t\t\t\t.rt-modal-1653521631 .md-content > .rt-md-content-holder .rt-md-content,\n\t\t\t\t\t.rt-popup-wrap-1653521631.rt-popup-wrap .rt-popup-navigation-wrap,\n\t\t\t\t\t#rt-tpg-container-1653521631 .carousel9 .rt-holder .overlay .post-info{background-color:#006347;}#rt-tpg-container-1653521631 .layout5 .rt-holder .overlay, #rt-tpg-container-1653521631 .isotope2 .rt-holder .overlay, #rt-tpg-container-1653521631 .carousel2 .rt-holder .overlay,#rt-tpg-container-1653521631 .layout15 .rt-holder h3, #rt-tpg-container-1653521631 .isotope11 .rt-holder h3, #rt-tpg-container-1653521631 .carousel11 .rt-holder h3, #rt-tpg-container-1653521631 .layout16 .rt-holder h3,\n\t\t\t\t\t#rt-tpg-container-1653521631 .isotope12 .rt-holder h3, #rt-tpg-container-1653521631 .carousel12 .rt-holder h3 {background-color:rgba(0,99,71,0.8);}#rt-tpg-container-1653521631 .pagination-list li a,\n\t\t\t\t\trt-tpg-container-1653521631 .pagination-list li span,\n\t\t\t\t\trt-tpg-container-1653521631 .pagination li a,\n\t\t\t\t\t#rt-tpg-container-1653521631 .rt-tpg-isotope-buttons button,\n\t\t\t\t\t#rt-tpg-container-1653521631 .rt-tpg-utility .rt-tpg-load-more button,\n\t\t\t\t\t#rt-tpg-container-1653521631.rt-tpg-container .swiper-navigation .slider-btn,\n\t\t\t\t\t#rt-tpg-container-1653521631.rt-tpg-container .swiper-pagination-bullet,\n\t\t\t\t\t#rt-tpg-container-1653521631 .wc1 .rt-holder .rt-img-holder .overlay .product-more ul li a,\n\t\t\t\t\t#rt-tpg-container-1653521631 .wc2 .rt-detail .rt-wc-add-to-cart,\n\t\t\t\t\t#rt-tpg-container-1653521631 .wc3 .rt-detail .rt-wc-add-to-cart,\n\t\t\t\t\t#rt-tpg-container-1653521631 .wc4 .rt-detail .rt-wc-add-to-cart,\n\t\t\t\t\t#rt-tpg-container-1653521631 .wc-carousel2 .rt-detail .rt-wc-add-to-cart,\n\t\t\t\t\t#rt-tpg-container-1653521631 .wc-isotope2 .rt-detail .rt-wc-add-to-cart,\n\t\t\t\t\t#rt-tpg-container-1653521631 .rt-layout-filter-container .rt-filter-wrap .rt-filter-item-wrap.rt-filter-dropdown-wrap .rt-filter-dropdown,\n\t\t\t\t\t#rt-tpg-container-1653521631 .rt-layout-filter-container .rt-filter-sub-tax.sub-button-group .rt-filter-button-item,\n\t\t\t\t\t#rt-tpg-container-1653521631.rt-tpg-container .rt-pagination-wrap .rt-page-numbers .paginationjs .paginationjs-pages ul li>a,\n\t\t\t\t\t#rt-tpg-container-1653521631 .rt-filter-item-wrap.rt-filter-button-wrap span.rt-filter-button-item,\n\t\t\t\t\t#rt-tpg-container-1653521631.rt-tpg-container .rt-pagination-wrap  .rt-loadmore-btn,\n\t\t\t\t\t#rt-tpg-container-1653521631.rt-tpg-container .rt-pagination-wrap .rt-cb-page-prev-next > *,\n\t\t\t\t\t#rt-tpg-container-1653521631 .rt-read-more,\n\t\t\t\t\t#rt-tooltip-1653521631, #rt-tooltip-1653521631 .rt-tooltip-bottom:after{background-color:#ddb225;}#rt-tpg-container-1653521631 .rt-filter-item-wrap.rt-filter-button-wrap span.rt-filter-button-item,\n\t\t\t\t\t#rt-tpg-container-1653521631 .rt-layout-filter-container .rt-filter-sub-tax.sub-button-group .rt-filter-button-item{border-color:#ddb225;}#rt-tpg-container-1653521631.rt-tpg-container .layout17 .rt-holder .overlay a.tpg-zoom .fa{color:#ddb225;}#rt-tpg-container-1653521631 .rt-holder .read-more a {background-color:#ddb225;padding: 8px 15px;}#rt-tpg-container-1653521631 .pagination li.active span,\n\t\t\t\t\t#rt-tpg-container-1653521631 .pagination-list li.active span,\n\t\t\t\t\t#rt-tpg-container-1653521631 .rt-tpg-isotope-buttons button.selected,\n\t\t\t\t\t#rt-tpg-container-1653521631 .rt-filter-item-wrap.rt-filter-button-wrap span.rt-filter-button-item.selected,\n\t\t\t\t\t#rt-tpg-container-1653521631 .rt-layout-filter-container .rt-filter-sub-tax.sub-button-group .rt-filter-button-item.selected,\n\t\t\t\t\t#rt-tpg-container-1653521631.rt-tpg-container .rt-pagination-wrap .rt-page-numbers .paginationjs .paginationjs-pages ul li.active>a,\n\t\t\t\t\t#rt-tpg-container-1653521631.rt-tpg-container .swiper-pagination-bullet.swiper-pagination-bullet-active-main{background-color:#ddb225;}#rt-tpg-container-1653521631 .rt-filter-item-wrap.rt-filter-button-wrap span.rt-filter-button-item.selected,\n\t\t\t\t\t#rt-tpg-container-1653521631 .rt-layout-filter-container .rt-filter-sub-tax.sub-button-group .rt-filter-button-item.selected,\n\t\t\t\t\t#rt-tpg-container-1653521631.rt-tpg-container .rt-pagination-wrap .rt-page-numbers .paginationjs .paginationjs-pages ul li.active>a{border-color:#ddb225;}#rt-tpg-container-1653521631 .pagination-list li a:hover,\n\t\t\t\t\t#rt-tpg-container-1653521631 .pagination li a:hover,\n\t\t\t\t\t#rt-tpg-container-1653521631 .rt-tpg-isotope-buttons button:hover,\n\t\t\t\t\t#rt-tpg-container-1653521631 .rt-holder .read-more a:hover,\n\t\t\t\t\t#rt-tpg-container-1653521631 .rt-tpg-utility .rt-tpg-load-more button:hover,\n\t\t\t\t\t#rt-tpg-container-1653521631.rt-tpg-container .swiper-pagination-bullet:hover,\n\t\t\t\t\t#rt-tpg-container-1653521631.rt-tpg-container .swiper-navigation .slider-btn:hover,\n\t\t\t\t\t#rt-tpg-container-1653521631 .wc1 .rt-holder .rt-img-holder .overlay .product-more ul li a:hover,\n\t\t\t\t\t#rt-tpg-container-1653521631 .wc2 .rt-detail .rt-wc-add-to-cart:hover,\n\t\t\t\t\t#rt-tpg-container-1653521631 .wc3 .rt-detail .rt-wc-add-to-cart:hover,\n\t\t\t\t\t#rt-tpg-container-1653521631 .wc4 .rt-detail .rt-wc-add-to-cart:hover,\n\t\t\t\t\t#rt-tpg-container-1653521631 .wc-carousel2 .rt-detail .rt-wc-add-to-cart:hover,\n\t\t\t\t\t#rt-tpg-container-1653521631 .wc-isotope2 .rt-detail .rt-wc-add-to-cart:hover,\n\t\t\t\t\t#rt-tpg-container-1653521631 .rt-layout-filter-container .rt-filter-wrap .rt-filter-item-wrap.rt-filter-dropdown-wrap .rt-filter-dropdown .rt-filter-dropdown-item:hover,\n\t\t\t\t\t#rt-tpg-container-1653521631 .rt-layout-filter-container .rt-filter-wrap .rt-filter-item-wrap.rt-filter-dropdown-wrap .rt-filter-dropdown .rt-filter-dropdown-item.selected,\n\t\t\t\t\t#rt-tpg-container-1653521631 .rt-filter-item-wrap.rt-filter-button-wrap span.rt-filter-button-item:hover,\n\t\t\t\t\t#rt-tpg-container-1653521631 .rt-layout-filter-container .rt-filter-sub-tax.sub-button-group .rt-filter-button-item:hover,\n\t\t\t\t\t#rt-tpg-container-1653521631.rt-tpg-container .rt-pagination-wrap .rt-page-numbers .paginationjs .paginationjs-pages ul li>a:hover,\n\t\t\t\t\t#rt-tpg-container-1653521631.rt-tpg-container .rt-pagination-wrap .rt-cb-page-prev-next > *:hover,\n\t\t\t\t\t#rt-tpg-container-1653521631.rt-tpg-container .rt-pagination-wrap  .rt-loadmore-btn:hover,\n\t\t\t\t\t#rt-tpg-container-1653521631 .rt-read-more:hover,\n\t\t\t\t\t#rt-tpg-container-1653521631 .rt-tpg-utility .rt-tpg-load-more button:hover{background-color:#ddc26a;}#rt-tpg-container-1653521631 .rt-filter-item-wrap.rt-filter-button-wrap span.rt-filter-button-item:hover,\n\t\t\t\t\t\t#rt-tpg-container-1653521631 .rt-layout-filter-container .rt-filter-sub-tax.sub-button-group .rt-filter-button-item:hover,\n\t\t\t\t\t\t#rt-tpg-container-1653521631.rt-tpg-container .swiper-navigation .slider-btn:hover,\n\t\t\t\t\t\t#rt-tpg-container-1653521631.rt-tpg-container .rt-pagination-wrap .rt-page-numbers .paginationjs .paginationjs-pages ul li>a:hover{border-color:#ddc26a;}#rt-tpg-container-1653521631.rt-tpg-container .layout17 .rt-holder .overlay a.tpg-zoom:hover .fa{color:#ddc26a;}#rt-tpg-container-1653521631 .pagination-list li a,\n\t\t\t\t\t#rt-tpg-container-1653521631 .pagination li a,\n\t\t\t\t\t#rt-tpg-container-1653521631 .rt-tpg-isotope-buttons button,\n\t\t\t\t\t#rt-tpg-container-1653521631 .rt-holder .read-more a,\n\t\t\t\t\t#rt-tpg-container-1653521631 .rt-tpg-utility .rt-tpg-load-more button,\n\t\t\t\t\t#rt-tpg-container-1653521631.rt-tpg-container .swiper-navigation .slider-btn,\n\t\t\t\t\t#rt-tpg-container-1653521631 .wc1 .rt-holder .rt-img-holder .overlay .product-more ul li a,\n\t\t\t\t\t#rt-tpg-container-1653521631 .edd1 .rt-holder .rt-img-holder .overlay .product-more ul li a,\n\t\t\t\t\t#rt-tpg-container-1653521631 .wc2 .rt-detail .rt-wc-add-to-cart,\n\t\t\t\t\t#rt-tpg-container-1653521631 .wc3 .rt-detail .rt-wc-add-to-cart,\n\t\t\t\t\t#rt-tpg-container-1653521631 .edd2 .rt-detail .rt-wc-add-to-cart,\n\t\t\t\t\t#rt-tpg-container-1653521631 .wc4 .rt-detail .rt-wc-add-to-cart,\n\t\t\t\t\t#rt-tpg-container-1653521631 .edd3 .rt-detail .rt-wc-add-to-cart,\n\t\t\t\t\t#rt-tpg-container-1653521631 .wc-carousel2 .rt-detail .rt-wc-add-to-cart,\n\t\t\t\t\t#rt-tpg-container-1653521631 .wc-isotope2 .rt-detail .rt-wc-add-to-cart,\n\t\t\t\t\t#rt-tpg-container-1653521631 .rt-tpg-utility .rt-tpg-load-more button,\n\t\t\t\t\t#rt-tooltip-1653521631,\n\t\t\t\t\t#rt-tpg-container-1653521631 .rt-filter-item-wrap.rt-filter-button-wrap span.rt-filter-button-item,\n\t\t\t\t\t#rt-tpg-container-1653521631 .rt-layout-filter-container .rt-filter-sub-tax.sub-button-group .rt-filter-button-item,\n\t\t\t\t\t#rt-tpg-container-1653521631 .rt-layout-filter-container .rt-filter-wrap .rt-filter-item-wrap.rt-sort-order-action,\n\t\t\t\t\t#rt-tpg-container-1653521631 .rt-layout-filter-container .rt-filter-wrap .rt-filter-item-wrap.rt-filter-dropdown-wrap .rt-filter-dropdown .rt-filter-dropdown-item,\n\t\t\t\t\t#rt-tpg-container-1653521631.rt-tpg-container .rt-pagination-wrap .rt-page-numbers .paginationjs .paginationjs-pages ul li>a,\n\t\t\t\t\t#rt-tpg-container-1653521631.rt-tpg-container .rt-pagination-wrap .rt-cb-page-prev-next > *,\n\t\t\t\t\t#rt-tpg-container-1653521631.rt-tpg-container .rt-pagination-wrap  .rt-loadmore-btn,\n\t\t\t\t\t#rt-tpg-container-1653521631 .rt-read-more,\n\t\t\t\t\t#rt-tooltip-1653521631 .rt-tooltip-bottom:after{color:#006347;}#rt-tpg-container-1653521631 .rt-filter-item-wrap.rt-filter-button-wrap span.rt-filter-button-item:hover,\n\t\t\t\t\t#rt-tpg-container-1653521631 .rt-holder .read-more a:hover,\n\t\t\t\t\t#rt-tpg-container-1653521631.rt-tpg-container .swiper-navigation .slider-btn:hover,\n\t\t\t\t\t#rt-tpg-container-1653521631 .rt-layout-filter-container .rt-filter-sub-tax.sub-button-group .rt-filter-button-item:hover,\n\t\t\t\t\t#rt-tpg-container-1653521631 .rt-layout-filter-container .rt-filter-wrap .rt-filter-item-wrap.rt-filter-dropdown-wrap .rt-filter-dropdown .rt-filter-dropdown-item:hover,\n\t\t\t\t\t#rt-tpg-container-1653521631 .rt-layout-filter-container .rt-filter-wrap .rt-filter-item-wrap.rt-filter-dropdown-wrap .rt-filter-dropdown .rt-filter-dropdown-item.selected,\n\t\t\t\t\t#rt-tpg-container-1653521631 .rt-layout-filter-container .rt-filter-wrap .rt-filter-item-wrap.rt-sort-order-action:hover,\n\t\t\t\t\t#rt-tpg-container-1653521631.rt-tpg-container .rt-pagination-wrap .rt-page-numbers .paginationjs .paginationjs-pages ul li.active>a:hover,\n\t\t\t\t\t#rt-tpg-container-1653521631 .rt-filter-item-wrap.rt-filter-button-wrap span.rt-filter-button-item.selected,\n\t\t\t\t\t#rt-tpg-container-1653521631 .rt-layout-filter-container .rt-filter-wrap .rt-filter-item-wrap.rt-sort-order-action,\n\t\t\t\t\t#rt-tpg-container-1653521631.rt-tpg-container .rt-pagination-wrap  .rt-loadmore-btn:hover,\n\t\t\t\t\t#rt-tpg-container-1653521631 .rt-read-more:hover,\n\t\t\t\t\t#rt-tpg-container-1653521631.rt-tpg-container .rt-pagination-wrap .rt-page-numbers .paginationjs .paginationjs-pages ul li.active>a{color:#000000;}#rt-tpg-container-1653521631 .read-more a{border-radius:5px;}#rt-tpg-container-1653521631.rt-tpg-container {background:#f4f3e6;}#rt-tpg-container-1653521631.rt-tpg-container {margin:20px;}#rt-tpg-container-1653521631.rt-tpg-container {padding:20px;}#rt-tpg-container-1653521631 .tpg-widget-heading-wrapper.heading-style1 .tpg-widget-heading, #rt-tpg-container-1653521631 .tpg-widget-heading-wrapper.heading-style2 .tpg-widget-heading, #rt-tpg-container-1653521631 .tpg-widget-heading-wrapper.heading-style3 .tpg-widget-heading {background:#006347;}#rt-tpg-container-1653521631 .tpg-widget-heading-wrapper.heading-style2 .tpg-widget-heading::after {border-top-color:#006347;}#rt-tpg-container-1653521631 .tpg-widget-heading-wrapper.heading-style1 .tpg-widget-heading, #rt-tpg-container-1653521631 .tpg-widget-heading-wrapper.heading-style1 .tpg-widget-heading a, #rt-tpg-container-1653521631 .tpg-widget-heading-wrapper.heading-style2 .tpg-widget-heading, #rt-tpg-container-1653521631 .tpg-widget-heading-wrapper.heading-style2 .tpg-widget-heading a, #rt-tpg-container-1653521631 .tpg-widget-heading-wrapper.heading-style3 .tpg-widget-heading, #rt-tpg-container-1653521631 .tpg-widget-heading-wrapper.heading-style3 .tpg-widget-heading a  {color:#ffffff;}#rt-tpg-container-1653521631 .tpg-widget-heading-wrapper.heading-style1 .tpg-widget-heading::before  {background-color:#ffffff;}#rt-tpg-container-1653521631 .tpg-widget-heading-wrapper.heading-style1 .tpg-widget-heading-line, #rt-tpg-container-1653521631 .tpg-widget-heading-wrapper.heading-style2, #rt-tpg-container-1653521631 .tpg-widget-heading-wrapper.heading-style3  {border-color:#006347;}#rt-tpg-container-1653521631 .tpg-widget-heading-wrapper {margin:20px;}#rt-tpg-container-1653521631 .rt-img-holder img.rt-img-responsive,#rt-tpg-container-1653521631 .rt-img-holder,\n\t\t\t\t\t#rt-tpg-container-1653521631 .rt-post-overlay .post-img,\n\t\t\t\t\t#rt-tpg-container-1653521631 .post-sm .post-img,\n\t\t\t\t\t#rt-tpg-container-1653521631 .rt-post-grid .post-img,\n\t\t\t\t\t#rt-tpg-container-1653521631 .post-img img {border-radius:px;}#rt-tpg-container-1653521631 .layout5 .rt-holder h2.entry-title:hover,\n\t\t\t\t\t#rt-tpg-container-1653521631 .layout5 .rt-holder h3.entry-title:hover,\n\t\t\t\t\t#rt-tpg-container-1653521631 .layout5 .rt-holder h4.entry-title:hover,\n\t\t\t\t\t#rt-tpg-container-1653521631 .layout5 .rt-holder h2.entry-title a:hover,\n\t\t\t\t\t#rt-tpg-container-1653521631 .layout5 .rt-holder h3.entry-title a:hover,\n\t\t\t\t\t#rt-tpg-container-1653521631 .layout5 .rt-holder h4.entry-title a:hover,\n\t\t\t\t\t#rt-tpg-container-1653521631 .post-content .post-title a:hover,\n\t\t\t\t\t#rt-tpg-container-1653521631 .rt-post-grid .post-title a:hover,\n\t\t\t\t\t#rt-tpg-container-1653521631 .rt-holder .rt-woo-info h2 a:hover,\n\t\t\t\t\t#rt-tpg-container-1653521631 .rt-holder .rt-woo-info h3 a:hover,\n\t\t\t\t\t#rt-tpg-container-1653521631 .rt-holder .rt-woo-info h4 a:hover,\n\t\t\t\t\t#rt-tpg-container-1653521631 .rt-holder .rt-woo-info h2:hover,\n\t\t\t\t\t#rt-tpg-container-1653521631 .rt-holder .rt-woo-info h3:hover,\n\t\t\t\t\t#rt-tpg-container-1653521631 .rt-holder .rt-woo-info h4:hover{color:#ddb225 !important;}<\/style><div class='rt-container-fluid rt-tpg-container tpg-shortcode-main-wrapper ' id='rt-tpg-container-1653521631'   data-layout='layout5' data-grid-style='even' data-desktop-col='4'  data-tab-col='3'  data-mobile-col='2' data-sc-id='2183'><div class=\"tpg-widget-heading-wrapper heading-style3 center\"><span class=\"tpg-widget-heading-line line-left\"><\/span><h2 class=\"tpg-widget-heading\">Klavier &#8211; 4h\u00e4ndig<\/h2><span class=\"tpg-widget-heading-line\"><\/span><\/div><div data-title='Loading ...' class='rt-row rt-content-loader   layout5 tpg-even '><div class=\"rt-col-md-3 rt-col-sm-4 rt-col-xs-6 even-grid-item rt-grid-item\" data-id=\"479\"><div class=\"rt-holder\"><div class=\"overlay\"><h3 class=\"entry-title\"><a data-id=\"479\" class=\"\" href=\"https:\/\/fannyhensel.de\/?p=479\">Drei St\u00fccke zu vier H\u00e4nden<\/a><\/h3><div class='rt-detail'><div class='tpg-excerpt'>Drei St\u00fccke zu vier H\u00e4nden Drei Charakterst\u00fccke: Allegro, Allegro molto,<\/div><div class='post-meta left'><span class='read-more'><a data-id='479' class='' href='https:\/\/fannyhensel.de\/?p=479'>Zur Ausgabe<\/a><\/span><\/div><\/div><\/div> <a data-id='479' class='' href='https:\/\/fannyhensel.de\/?p=479'><img fetchpriority=\"high\" decoding=\"async\" width=\"2121\" height=\"1500\" src=\"https:\/\/fannyhensel.de\/wp-content\/uploads\/2021\/07\/fue-1200-Titel.jpg\" class=\"rt-img-responsive \" alt=\"\" \/><\/a><\/div><\/div><div class=\"rt-col-md-3 rt-col-sm-4 rt-col-xs-6 even-grid-item rt-grid-item\" data-id=\"1608\"><div class=\"rt-holder\"><div class=\"overlay\"><h3 class=\"entry-title\"><a data-id=\"1608\" class=\"\" href=\"https:\/\/fannyhensel.de\/?p=1608&amp;lang=en\">Drei St\u00fccke zu vier H\u00e4nden<\/a><\/h3><div class='rt-detail'><div class='tpg-excerpt'>Drei St\u00fccke zu vier H\u00e4nden Three character pieces:Allegro, Allegro molto,<\/div><div class='post-meta left'><span class='read-more'><a data-id='1608' class='' href='https:\/\/fannyhensel.de\/?p=1608&amp;lang=en'>Zur Ausgabe<\/a><\/span><\/div><\/div><\/div> <a data-id='1608' class='' href='https:\/\/fannyhensel.de\/?p=1608&amp;lang=en'><img fetchpriority=\"high\" decoding=\"async\" width=\"2121\" height=\"1500\" src=\"https:\/\/fannyhensel.de\/wp-content\/uploads\/2021\/07\/fue-1200-Titel.jpg\" class=\"rt-img-responsive \" alt=\"\" \/><\/a><\/div><\/div><\/div><\/div>\n","protected":false},"excerpt":{"rendered":"","protected":false},"author":1,"featured_media":0,"parent":0,"menu_order":0,"comment_status":"closed","ping_status":"closed","template":"","meta":{"footnotes":""},"class_list":["post-260","page","type-page","status-publish","hentry"],"rttpg_featured_image_url":null,"rttpg_author":{"display_name":"Sabine Kemna","author_link":"https:\/\/fannyhensel.de\/?author=1"},"rttpg_comment":0,"rttpg_category":"","rttpg_excerpt":null,"_links":{"self":[{"href":"https:\/\/fannyhensel.de\/index.php?rest_route=\/wp\/v2\/pages\/260","targetHints":{"allow":["GET"]}}],"collection":[{"href":"https:\/\/fannyhensel.de\/index.php?rest_route=\/wp\/v2\/pages"}],"about":[{"href":"https:\/\/fannyhensel.de\/index.php?rest_route=\/wp\/v2\/types\/page"}],"author":[{"embeddable":true,"href":"https:\/\/fannyhensel.de\/index.php?rest_route=\/wp\/v2\/users\/1"}],"replies":[{"embeddable":true,"href":"https:\/\/fannyhensel.de\/index.php?rest_route=%2Fwp%2Fv2%2Fcomments&post=260"}],"version-history":[{"count":5,"href":"https:\/\/fannyhensel.de\/index.php?rest_route=\/wp\/v2\/pages\/260\/revisions"}],"predecessor-version":[{"id":2184,"href":"https:\/\/fannyhensel.de\/index.php?rest_route=\/wp\/v2\/pages\/260\/revisions\/2184"}],"wp:attachment":[{"href":"https:\/\/fannyhensel.de\/index.php?rest_route=%2Fwp%2Fv2%2Fmedia&parent=260"}],"curies":[{"name":"wp","href":"https:\/\/api.w.org\/{rel}","templated":true}]}}