{"id":715,"date":"2021-07-12T15:06:47","date_gmt":"2021-07-12T15:06:47","guid":{"rendered":"https:\/\/fannyhensel.de\/?page_id=715"},"modified":"2021-07-12T15:10:19","modified_gmt":"2021-07-12T15:10:19","slug":"texte","status":"publish","type":"page","link":"https:\/\/fannyhensel.de\/?page_id=715","title":{"rendered":"Texte"},"content":{"rendered":"\t\t<div data-elementor-type=\"wp-page\" data-elementor-id=\"715\" class=\"elementor elementor-715\">\n\t\t\t\t\t\t<section class=\"elementor-section elementor-top-section elementor-element elementor-element-dd2fd47 elementor-section-boxed elementor-section-height-default elementor-section-height-default\" data-id=\"dd2fd47\" data-element_type=\"section\">\n\t\t\t\t\t\t<div class=\"elementor-container elementor-column-gap-default\">\n\t\t\t\t\t<div class=\"elementor-column elementor-col-33 elementor-top-column elementor-element elementor-element-4781477\" data-id=\"4781477\" data-element_type=\"column\">\n\t\t\t<div class=\"elementor-widget-wrap elementor-element-populated\">\n\t\t\t\t\t\t<div class=\"elementor-element elementor-element-ac4a2ec elementor-widget elementor-widget-image\" data-id=\"ac4a2ec\" data-element_type=\"widget\" data-widget_type=\"image.default\">\n\t\t\t\t<div class=\"elementor-widget-container\">\n\t\t\t\t\t\t\t\t\t\t\t\t\t\t\t<img decoding=\"async\" width=\"105\" height=\"149\" src=\"https:\/\/fannyhensel.de\/wp-content\/uploads\/2021\/07\/gounod_kl.jpg\" class=\"attachment-large size-large wp-image-716\" alt=\"\" \/>\t\t\t\t\t\t\t\t\t\t\t\t\t\t\t<\/div>\n\t\t\t\t<\/div>\n\t\t\t\t\t<\/div>\n\t\t<\/div>\n\t\t\t\t<div class=\"elementor-column elementor-col-66 elementor-top-column elementor-element elementor-element-2e20e43\" data-id=\"2e20e43\" data-element_type=\"column\">\n\t\t\t<div class=\"elementor-widget-wrap elementor-element-populated\">\n\t\t\t\t\t\t<div class=\"elementor-element elementor-element-18971a7 elementor-widget elementor-widget-text-editor\" data-id=\"18971a7\" data-element_type=\"widget\" data-widget_type=\"text-editor.default\">\n\t\t\t\t<div class=\"elementor-widget-container\">\n\t\t\t\t\t\t\t\t\t<p>&#8222;Madame Hensel war eine unvergleichbare Musikerin, eine ausgezeichnete Pianistin, eine geistig \u00fcberlegene Frau; sie war klein, fast schm\u00e4chtig, aber der feurige Blick aus tiefen Augen verriet ungew\u00f6hnliche Energie. Als Komponistin war sie von seltener Begabung &#8230;&#8220;<br \/><span style=\"color: #920404;\">Charles Gounod<\/span><\/p>\t\t\t\t\t\t\t\t<\/div>\n\t\t\t\t<\/div>\n\t\t\t\t\t<\/div>\n\t\t<\/div>\n\t\t\t\t\t<\/div>\n\t\t<\/section>\n\t\t\t\t<section class=\"elementor-section elementor-top-section elementor-element elementor-element-97b2847 elementor-section-boxed elementor-section-height-default elementor-section-height-default\" data-id=\"97b2847\" data-element_type=\"section\">\n\t\t\t\t\t\t<div class=\"elementor-container elementor-column-gap-default\">\n\t\t\t\t\t<div class=\"elementor-column elementor-col-100 elementor-top-column elementor-element elementor-element-354be82\" data-id=\"354be82\" data-element_type=\"column\">\n\t\t\t<div class=\"elementor-widget-wrap elementor-element-populated\">\n\t\t\t\t\t\t<div class=\"elementor-element elementor-element-ff156e5 elementor-widget elementor-widget-text-editor\" data-id=\"ff156e5\" data-element_type=\"widget\" data-widget_type=\"text-editor.default\">\n\t\t\t\t<div class=\"elementor-widget-container\">\n\t\t\t\t\t\t\t\t\t<p>\u201eM\u00f6ge hier der Eindruck der ganzen Pers\u00f6nlichkeit Fanny Hensels zusammengefa\u00dft werden: Sie war klein von Gestalt und hatte \u2013 ein Erbteil von Moses Mendelssohn \u2013 eine schiefe Schulter, was aber wenig zu sehen war. Das Sch\u00f6nste an ihr waren die gro\u00dfen, dunkeln, sehr ausdrucksvollen Augen, denen man die Kurzsichtigkeit nicht ansah. Nase und Mund waren ziemlich stark, sie hatte sch\u00f6ne, wei\u00dfe Z\u00e4hne. Der Hand sah man die Ausarbeitung durchs Klavierspiel an. Sie war schnell und dezidiert in ihren Bewegungen, das Gesicht war sehr lebendig, alle Stimmungen spiegelten sich auf demselben treu wieder; Verstellung war ihr unm\u00f6glich. (&#8230;) Frische Luft atmete sie tief und voll ein und erkl\u00e4rte dies f\u00fcr einen der gr\u00f6\u00dften Gen\u00fcsse. Ebenso intensiv war allerdings ihr \u00c4rger \u00fcber alles H\u00e4\u00dfliche, ihr Zorn \u00fcber alles Schlechte. Gegen langweilige, fade eitle und hohle Menschen war sie sehr intolerant, und hatte gewisse betes noires gegen die sie ihre Antipathie durchaus nicht bemeistern konnte. Ihr Gesicht nahm dann bald einen Ausdruck so tiefen Ungl\u00fccks an, da\u00df sie ihre Umgebung h\u00e4ufig dadurch in die gr\u00f6\u00dfte Heiterkeit versetzte, wenn die Ursache in so gar keinem Verh\u00e4ltnis zu der in ihr hervorgerufenen Stimmung stand. War diese verflogen, so lachte sie wohl selbst dar\u00fcber und war doch das n\u00e4chstemal ebensowenig imstande, sich zu bezwingen.\u201c<br \/><span style=\"color: #920404;\">Sebastian Hensel, Die Familie Mendelssohn II, Berlin 1908, S. 446<\/span><\/p>\t\t\t\t\t\t\t\t<\/div>\n\t\t\t\t<\/div>\n\t\t\t\t\t<\/div>\n\t\t<\/div>\n\t\t\t\t\t<\/div>\n\t\t<\/section>\n\t\t\t\t<section class=\"elementor-section elementor-top-section elementor-element elementor-element-b86c4da elementor-section-boxed elementor-section-height-default elementor-section-height-default\" data-id=\"b86c4da\" data-element_type=\"section\">\n\t\t\t\t\t\t<div class=\"elementor-container elementor-column-gap-default\">\n\t\t\t\t\t<div class=\"elementor-column elementor-col-100 elementor-top-column elementor-element elementor-element-60060e4\" data-id=\"60060e4\" data-element_type=\"column\">\n\t\t\t<div class=\"elementor-widget-wrap elementor-element-populated\">\n\t\t\t\t\t\t<div class=\"elementor-element elementor-element-9228d1b elementor-widget elementor-widget-text-editor\" data-id=\"9228d1b\" data-element_type=\"widget\" data-widget_type=\"text-editor.default\">\n\t\t\t\t<div class=\"elementor-widget-container\">\n\t\t\t\t\t\t\t\t\t<p>Felix kommentiert Wilhelm Hensels Portr\u00e4tzeichnung von 1829:<br \/>\u201eAuch Fannys gro\u00dfes Portrait ist sch\u00f6n, aber es gef\u00e4llt mir nicht. Ich sehe, wie herrlich es gezeichnet, wie sprechend \u00e4hnlich es ist; aber in der Stellung, Kleidung, im Blick, in der ganzen sybilligen Prophetenhaftigkeit oder schw\u00e4rmenden Begeisterung ist mein Cantor nicht getroffen. Da liegt die Begeisterung nicht so oben auf, mehr innen drin&#8230; Nimm mir das nicht \u00fcbel, Hofmaler; aber ich kenne meine Schwester doch l\u00e4nger als du, habe sie als Kind in meinen Armen getragen (\u00dcbertreibung)&#8230;\u201d <br \/><span style=\"color: #920404;\">Sebastian Hensel, Die Familie Mendelssohn I, Berlin 1908, S. 330)<\/span><\/p>\t\t\t\t\t\t\t\t<\/div>\n\t\t\t\t<\/div>\n\t\t\t\t\t<\/div>\n\t\t<\/div>\n\t\t\t\t\t<\/div>\n\t\t<\/section>\n\t\t\t\t<section class=\"elementor-section elementor-top-section elementor-element elementor-element-688396d elementor-section-boxed elementor-section-height-default elementor-section-height-default\" data-id=\"688396d\" data-element_type=\"section\">\n\t\t\t\t\t\t<div class=\"elementor-container elementor-column-gap-default\">\n\t\t\t\t\t<div class=\"elementor-column elementor-col-100 elementor-top-column elementor-element elementor-element-b9972dc\" data-id=\"b9972dc\" data-element_type=\"column\">\n\t\t\t<div class=\"elementor-widget-wrap elementor-element-populated\">\n\t\t\t\t\t\t<div class=\"elementor-element elementor-element-3993a22 elementor-widget elementor-widget-text-editor\" data-id=\"3993a22\" data-element_type=\"widget\" data-widget_type=\"text-editor.default\">\n\t\t\t\t<div class=\"elementor-widget-container\">\n\t\t\t\t\t\t\t\t\t<p>Weihnachten feierte die Familie Hensel im gro\u00dfen Familien- und Freundeskreis, auch die im Hause lebenden Sch\u00fcler Wilhelm Hensels waren dabei; es wurden Theatersketche gespielt, gro\u00dfartige Verkleidungen inszeniert und Geschenkdekorationen aufgebaut.<br \/>Fanny an Felix: \u201e23.Dec 1834. Da ich Dir nichts schicke als mein Quartett, (verschollen, Anm. d. Verf.), so wollte ich es doch nicht ohne Brief schicken, und da ich vor Weihnachten nichts Vern\u00fcnftiges schreiben kann, so lasse ich es bis nach Weihnachten liegen.<br \/>25sten. Dabei blieb es denn auch richtig vorgestern. Wir haben einen der lustigsten Weihnachten gehabt, u. nur bedauert, da\u00df du nicht dabei warst, bie meiner Kenntnis Deines Charakters glaube ich, Du h\u00e4ttest vor Lachen unter dem Tisch gelegen.\u201c <br \/><span style=\"color: #920404;\">M. Citron (1987), S. 480<\/span><\/p>\t\t\t\t\t\t\t\t<\/div>\n\t\t\t\t<\/div>\n\t\t\t\t\t<\/div>\n\t\t<\/div>\n\t\t\t\t\t<\/div>\n\t\t<\/section>\n\t\t\t\t<section class=\"elementor-section elementor-top-section elementor-element elementor-element-e1be8db elementor-section-boxed elementor-section-height-default elementor-section-height-default\" data-id=\"e1be8db\" data-element_type=\"section\">\n\t\t\t\t\t\t<div class=\"elementor-container elementor-column-gap-default\">\n\t\t\t\t\t<div class=\"elementor-column elementor-col-100 elementor-top-column elementor-element elementor-element-db1ec4f\" data-id=\"db1ec4f\" data-element_type=\"column\">\n\t\t\t<div class=\"elementor-widget-wrap elementor-element-populated\">\n\t\t\t\t\t\t<div class=\"elementor-element elementor-element-ef04a35 elementor-widget elementor-widget-text-editor\" data-id=\"ef04a35\" data-element_type=\"widget\" data-widget_type=\"text-editor.default\">\n\t\t\t\t<div class=\"elementor-widget-container\">\n\t\t\t\t\t\t\t\t\t<p>\u201eAuf dem Berliner Dreifaltigkeitsfriedhof liegt die Komponistin Fanny Caecilie Hensel, geborene Mendelssohn Bartholdy unter einem schweren roten Granitstein, mit einem bis zum hohen A ins Himmelreich sich aufschwingenden Liedchen daraufgemei\u00dfelt, was wohl ihr Gatte angeordnet haben mag, der nun auch dabei liegt und f\u00fcr sich selbst das gleich helle Grabkreuz w\u00e4hlte wie der Bruder. So ist Fanny, ganz wie im Leben, sch\u00f6n gerahmt von ihren beiden M\u00e4nnern oder, wie sie einmal in der ihr eigenen herben Art bemerkt hat: \u2018wie der Esel zwischen zwei Heub\u00fcndeln\u2019.\u201d<br \/><span style=\"color: #920404;\">Eleonore B\u00fcning, Frankfurter Allgemeine Zeitung, 7.6.1997<\/span><\/p>\t\t\t\t\t\t\t\t<\/div>\n\t\t\t\t<\/div>\n\t\t\t\t\t<\/div>\n\t\t<\/div>\n\t\t\t\t\t<\/div>\n\t\t<\/section>\n\t\t\t\t<\/div>\n\t\t","protected":false},"excerpt":{"rendered":"<p>&#8222;Madame Hensel war eine unvergleichbare Musikerin, eine ausgezeichnete Pianistin, eine geistig \u00fcberlegene Frau; sie war klein, fast schm\u00e4chtig, aber der feurige Blick aus tiefen Augen&hellip;<\/p>\n","protected":false},"author":1,"featured_media":0,"parent":0,"menu_order":0,"comment_status":"closed","ping_status":"closed","template":"","meta":{"footnotes":""},"class_list":["post-715","page","type-page","status-publish","hentry"],"rttpg_featured_image_url":null,"rttpg_author":{"display_name":"Sabine Kemna","author_link":"https:\/\/fannyhensel.de\/?author=1"},"rttpg_comment":0,"rttpg_category":" <a href=\"https:\/\/fannyhensel.de\/\" rel=\"tag\">Deutsch<\/a>","rttpg_excerpt":"&#8222;Madame Hensel war eine unvergleichbare Musikerin, eine ausgezeichnete Pianistin, eine geistig \u00fcberlegene Frau; sie war klein, fast schm\u00e4chtig, aber der feurige Blick aus tiefen Augen&hellip;","_links":{"self":[{"href":"https:\/\/fannyhensel.de\/index.php?rest_route=\/wp\/v2\/pages\/715","targetHints":{"allow":["GET"]}}],"collection":[{"href":"https:\/\/fannyhensel.de\/index.php?rest_route=\/wp\/v2\/pages"}],"about":[{"href":"https:\/\/fannyhensel.de\/index.php?rest_route=\/wp\/v2\/types\/page"}],"author":[{"embeddable":true,"href":"https:\/\/fannyhensel.de\/index.php?rest_route=\/wp\/v2\/users\/1"}],"replies":[{"embeddable":true,"href":"https:\/\/fannyhensel.de\/index.php?rest_route=%2Fwp%2Fv2%2Fcomments&post=715"}],"version-history":[{"count":3,"href":"https:\/\/fannyhensel.de\/index.php?rest_route=\/wp\/v2\/pages\/715\/revisions"}],"predecessor-version":[{"id":719,"href":"https:\/\/fannyhensel.de\/index.php?rest_route=\/wp\/v2\/pages\/715\/revisions\/719"}],"wp:attachment":[{"href":"https:\/\/fannyhensel.de\/index.php?rest_route=%2Fwp%2Fv2%2Fmedia&parent=715"}],"curies":[{"name":"wp","href":"https:\/\/api.w.org\/{rel}","templated":true}]}}